{"id":2333,"date":"2020-12-14T12:49:27","date_gmt":"2020-12-14T17:49:27","guid":{"rendered":"http:\/\/uxr.ca\/?page_id=2333"},"modified":"2023-07-12T16:17:26","modified_gmt":"2023-07-12T20:17:26","slug":"contactez-nous","status":"publish","type":"page","link":"https:\/\/uxr.ca\/fr\/contactez-nous\/","title":{"rendered":"Contact"},"content":{"rendered":"<div class=\"wp-bootstrap-blocks-row row\">\n\t\n\n<div class=\"col-12 col-md-3\">\n\t\t\t\n\n<p><em> Appelez-nous<\/em><br> <a href=\"tel:1-877-440-4494\">1-877-440-4494<\/a><\/p>\n\n\n\n<p><em> Envoyez-nous un courriel<\/em><br> <a href=\"mailto:info@uxr.ca\">info@uxr.ca<\/a><\/p>\n\n\n\n<p><em> Trouvez-nous<\/em><br> <a href=\"https:\/\/www.google.ca\/maps\/dir\/''\/uxr+inc\/@45.4698966,-73.8964346,12z\/data=!3m1!4b1!4m8!4m7!1m0!1m5!1m1!1s0x4cc9163742958c41:0xa80dfcd500d09187!2m2!1d-73.8263948!2d45.469918\">227-G Boul. Brunswick, Pointe-Claire, QC, H9R 4X5 <\/a><\/p>\n\n\n\n<p><em> Horaire<\/em><br> Lundi au Vendredi<br> 8h30 &#8211; 17h00<\/p>\n\n\t<\/div>\n\n\n\n<div class=\"col-12 col-md-9\">\n\t\t\t\n\n<div class=\"frm_forms \" id=\"frm_form_9_container\" >\n<form enctype=\"multipart\/form-data\" method=\"post\" class=\"frm-show-form  frm_pro_form \" id=\"form_contact-form2\" >\n<div class=\"frm_form_fields \">\n<fieldset>\n<legend class=\"frm_screen_reader\">Contact Us FR<\/legend>\r\n\r\n<div class=\"frm_fields_container\">\n<input type=\"hidden\" name=\"frm_action\" value=\"create\" \/>\n<input type=\"hidden\" name=\"form_id\" value=\"9\" \/>\n<input type=\"hidden\" name=\"frm_hide_fields_9\" id=\"frm_hide_fields_9\" value=\"\" \/>\n<input type=\"hidden\" name=\"form_key\" value=\"contact-form2\" \/>\n<input type=\"hidden\" name=\"item_meta[0]\" value=\"\" \/>\n<input type=\"hidden\" id=\"frm_submit_entry_9\" name=\"frm_submit_entry_9\" value=\"2a2ca18788\" \/><input type=\"hidden\" name=\"_wp_http_referer\" value=\"\/fr\/wp-json\/wp\/v2\/pages\/2333\" \/><div id=\"frm_field_55_container\" class=\"frm_form_field form-field  frm_required_field frm_none_container frm_first frm_half\">\r\n    <label for=\"field_qh4icy2\" id=\"field_qh4icy2_label\" class=\"frm_primary_label\">Nom complet *\r\n        <span class=\"frm_required\" aria-hidden=\"true\">*<\/span>\r\n    <\/label>\r\n    <input  type=\"text\" id=\"field_qh4icy2\" name=\"item_meta[55]\" value=\"\"  placeholder=\"Nom complet *\" data-reqmsg=\"Nom complet * cannot be blank.\" aria-required=\"true\" data-invmsg=\"Name is invalid\" class=\"form-control mb-3\" aria-invalid=\"false\"   \/>\r\n    \r\n    \r\n<\/div>\n<div id=\"frm_field_56_container\" class=\"frm_form_field form-field  frm_required_field frm_none_container frm_half\">\r\n    <label for=\"field_ocfup12\" id=\"field_ocfup12_label\" class=\"frm_primary_label\">Votre clinique v\u00e9t\u00e9rinaire \/ H\u00f4pital *\r\n        <span class=\"frm_required\" aria-hidden=\"true\">*<\/span>\r\n    <\/label>\r\n    <input  type=\"text\" id=\"field_ocfup12\" name=\"item_meta[56]\" value=\"\"  placeholder=\"Votre clinique v\u00e9t\u00e9rinaire \/ H\u00f4pital *\" data-reqmsg=\"Votre clinique v\u00e9t\u00e9rinaire \/ H\u00f4pital * cannot be blank.\" aria-required=\"true\" data-invmsg=\"Last is invalid\" class=\"form-control mb-3\" aria-invalid=\"false\"   \/>\r\n    \r\n    \r\n<\/div>\n<div id=\"frm_field_57_container\" class=\"frm_form_field form-field  frm_none_container\">\r\n    <label for=\"field_3dnuj2\" id=\"field_3dnuj2_label\" class=\"frm_primary_label\">Je voudrais discuter\r\n        <span class=\"frm_required\" aria-hidden=\"true\"><\/span>\r\n    <\/label>\r\n    \t\t<select name=\"item_meta[57]\" id=\"field_3dnuj2\"  data-placeholder=\"Je voudrais discuter\"  placeholder=\"Je voudrais discuter\" data-invmsg=\"Je voudrais discuter is invalid\" class=\"form-control mb-3\" aria-invalid=\"false\"  >\n\t\t<option  class=\"frm-select-placeholder\" value=\"\" data-placeholder=\"true\">Je voudrais discuter<\/option><option  value=\"Demande de produit\">Demande de produit<\/option><option  value=\"Support du syst\u00e8me de radiologie\">Support du syst\u00e8me de radiologie<\/option><option  value=\"Support d&#039;\u00e9quipement de laboratoire\">Support d&#039;\u00e9quipement de laboratoire<\/option><option  value=\"Questions sur la garantie\">Questions sur la garantie<\/option>\t<\/select>\n\t\r\n    \r\n    \r\n<\/div>\n<div id=\"frm_field_58_container\" class=\"frm_form_field form-field  frm_required_field frm_none_container frm6 frm_first\">\r\n    <label for=\"field_29yf4d2\" id=\"field_29yf4d2_label\" class=\"frm_primary_label\">Adresse courriel *\r\n        <span class=\"frm_required\" aria-hidden=\"true\">*<\/span>\r\n    <\/label>\r\n    <input type=\"email\" id=\"field_29yf4d2\" name=\"item_meta[58]\" value=\"\"  placeholder=\"Adresse courriel *\" data-reqmsg=\"Adresse courriel * cannot be blank.\" aria-required=\"true\" data-invmsg=\"Please enter a valid email address\" class=\"form-control mb-3\" aria-invalid=\"false\"  \/>\r\n    \r\n    \r\n<\/div>\n<div id=\"frm_field_59_container\" class=\"frm_form_field form-field  frm_required_field frm_none_container frm6\">\r\n    <label for=\"field_m38vy2\" id=\"field_m38vy2_label\" class=\"frm_primary_label\">Num\u00e9ro de t\u00e9l\u00e9phone *\r\n        <span class=\"frm_required\" aria-hidden=\"true\">*<\/span>\r\n    <\/label>\r\n    <input type=\"tel\" id=\"field_m38vy2\" name=\"item_meta[59]\" value=\"\"  placeholder=\"Num\u00e9ro de t\u00e9l\u00e9phone *\" data-reqmsg=\"Num\u00e9ro de t\u00e9l\u00e9phone * cannot be blank.\" aria-required=\"true\" data-invmsg=\"Phone is invalid\" class=\"form-control mb-3\" aria-invalid=\"false\" pattern=\"((\\+\\d{1,3}(-|.| )?\\(?\\d\\)?(-| |.)?\\d{1,5})|(\\(?\\d{2,6}\\)?))(-|.| )?(\\d{3,4})(-|.| )?(\\d{4})(( x| ext)\\d{1,5}){0,1}$\"  \/>\r\n    \r\n    \r\n<\/div>\n<div id=\"frm_field_60_container\" class=\"frm_form_field form-field  frm_none_container frm_full\">\r\n    <label for=\"field_9jv0r12\" id=\"field_9jv0r12_label\" class=\"frm_primary_label\">Message\r\n        <span class=\"frm_required\" aria-hidden=\"true\"><\/span>\r\n    <\/label>\r\n    <textarea name=\"item_meta[60]\" id=\"field_9jv0r12\" rows=\"10\"  placeholder=\"Message\" data-invmsg=\"Message is invalid\" class=\"form-control mb-3\" aria-invalid=\"false\"  ><\/textarea>\r\n    \r\n    \r\n<\/div>\n<div id=\"frm_field_61_container\" class=\"frm_form_field form-field  frm_none_container\">\r\n    <label for=\"g-recaptcha-response\" id=\"field_pwez_label\" class=\"frm_primary_label\">CAPTCHA\r\n        <span class=\"frm_required\" aria-hidden=\"true\"><\/span>\r\n    <\/label>\r\n    \r\n    \r\n    \r\n<\/div>\n\t<input type=\"hidden\" name=\"item_key\" value=\"\" \/>\n\t\t\t<div id=\"frm_field_63_container\">\n\t\t\t<label for=\"field_93q0k\" >\n\t\t\t\tIf you are human, leave this field blank.\t\t\t<\/label>\n\t\t\t<input  id=\"field_93q0k\" type=\"text\" class=\"frm_form_field form-field frm_verify\" name=\"item_meta[63]\" value=\"\"  \/>\n\t\t<\/div>\n\t\t<input name=\"frm_state\" type=\"hidden\" value=\"EgHpKqyWHDvDQSprL0NPVwYAp5XVfRqK4EFNuPminZec52jvDn0N+MHiiMspAi3r\" \/><div class=\"frm_submit\">\r\n\r\n<button class=\"frm_button_submit frm_final_submit btn btn-primary\" type=\"submit\"   formnovalidate=\"formnovalidate\">Demande de rappel<\/button>\r\n\r\n\r\n<\/div><\/div>\n<\/fieldset>\n<\/div>\n\n<\/form>\n<\/div>\n\n\n\t<\/div>\n\n<\/div>\n","protected":false},"excerpt":{"rendered":"","protected":false},"author":1,"featured_media":0,"parent":0,"menu_order":2,"comment_status":"closed","ping_status":"closed","template":"","meta":{"_acf_changed":false,"_monsterinsights_skip_tracking":false,"_monsterinsights_sitenote_active":false,"_monsterinsights_sitenote_note":"","_monsterinsights_sitenote_category":0,"footnotes":""},"class_list":["post-2333","page","type-page","status-publish","hentry"],"acf":[],"yoast_head":"<!-- This site is optimized with the Yoast SEO plugin v27.2 - https:\/\/yoast.com\/product\/yoast-seo-wordpress\/ -->\n<title>Contact - UXR<\/title>\n<meta name=\"robots\" content=\"index, follow, max-snippet:-1, max-image-preview:large, max-video-preview:-1\" \/>\n<link rel=\"canonical\" href=\"https:\/\/uxr.ca\/fr\/contactez-nous\/\" \/>\n<meta property=\"og:locale\" content=\"fr_FR\" \/>\n<meta property=\"og:type\" content=\"article\" \/>\n<meta property=\"og:title\" content=\"Contact - UXR\" \/>\n<meta property=\"og:url\" content=\"https:\/\/uxr.ca\/fr\/contactez-nous\/\" \/>\n<meta property=\"og:site_name\" content=\"UXR\" \/>\n<meta property=\"article:modified_time\" content=\"2023-07-12T20:17:26+00:00\" \/>\n<meta name=\"twitter:card\" content=\"summary_large_image\" \/>\n<meta name=\"twitter:label1\" content=\"Est. reading time\" \/>\n\t<meta name=\"twitter:data1\" content=\"1 minute\" \/>\n<script type=\"application\/ld+json\" class=\"yoast-schema-graph\">{\"@context\":\"https:\/\/schema.org\",\"@graph\":[{\"@type\":\"WebPage\",\"@id\":\"https:\/\/uxr.ca\/fr\/contactez-nous\/\",\"url\":\"https:\/\/uxr.ca\/fr\/contactez-nous\/\",\"name\":\"Contact - UXR\",\"isPartOf\":{\"@id\":\"https:\/\/uxr.ca\/fr\/#website\"},\"datePublished\":\"2020-12-14T17:49:27+00:00\",\"dateModified\":\"2023-07-12T20:17:26+00:00\",\"breadcrumb\":{\"@id\":\"https:\/\/uxr.ca\/fr\/contactez-nous\/#breadcrumb\"},\"inLanguage\":\"fr-FR\",\"potentialAction\":[{\"@type\":\"ReadAction\",\"target\":[\"https:\/\/uxr.ca\/fr\/contactez-nous\/\"]}]},{\"@type\":\"BreadcrumbList\",\"@id\":\"https:\/\/uxr.ca\/fr\/contactez-nous\/#breadcrumb\",\"itemListElement\":[]},{\"@type\":\"WebSite\",\"@id\":\"https:\/\/uxr.ca\/fr\/#website\",\"url\":\"https:\/\/uxr.ca\/fr\/\",\"name\":\"UXR\",\"description\":\"Just another WordPress site\",\"potentialAction\":[{\"@type\":\"SearchAction\",\"target\":{\"@type\":\"EntryPoint\",\"urlTemplate\":\"https:\/\/uxr.ca\/fr\/?s={search_term_string}\"},\"query-input\":{\"@type\":\"PropertyValueSpecification\",\"valueRequired\":true,\"valueName\":\"search_term_string\"}}],\"inLanguage\":\"fr-FR\"}]}<\/script>\n<!-- \/ Yoast SEO plugin. -->","yoast_head_json":{"title":"Contact - UXR","robots":{"index":"index","follow":"follow","max-snippet":"max-snippet:-1","max-image-preview":"max-image-preview:large","max-video-preview":"max-video-preview:-1"},"canonical":"https:\/\/uxr.ca\/fr\/contactez-nous\/","og_locale":"fr_FR","og_type":"article","og_title":"Contact - UXR","og_url":"https:\/\/uxr.ca\/fr\/contactez-nous\/","og_site_name":"UXR","article_modified_time":"2023-07-12T20:17:26+00:00","twitter_card":"summary_large_image","twitter_misc":{"Est. reading time":"1 minute"},"schema":{"@context":"https:\/\/schema.org","@graph":[{"@type":"WebPage","@id":"https:\/\/uxr.ca\/fr\/contactez-nous\/","url":"https:\/\/uxr.ca\/fr\/contactez-nous\/","name":"Contact - UXR","isPartOf":{"@id":"https:\/\/uxr.ca\/fr\/#website"},"datePublished":"2020-12-14T17:49:27+00:00","dateModified":"2023-07-12T20:17:26+00:00","breadcrumb":{"@id":"https:\/\/uxr.ca\/fr\/contactez-nous\/#breadcrumb"},"inLanguage":"fr-FR","potentialAction":[{"@type":"ReadAction","target":["https:\/\/uxr.ca\/fr\/contactez-nous\/"]}]},{"@type":"BreadcrumbList","@id":"https:\/\/uxr.ca\/fr\/contactez-nous\/#breadcrumb","itemListElement":[]},{"@type":"WebSite","@id":"https:\/\/uxr.ca\/fr\/#website","url":"https:\/\/uxr.ca\/fr\/","name":"UXR","description":"Just another WordPress site","potentialAction":[{"@type":"SearchAction","target":{"@type":"EntryPoint","urlTemplate":"https:\/\/uxr.ca\/fr\/?s={search_term_string}"},"query-input":{"@type":"PropertyValueSpecification","valueRequired":true,"valueName":"search_term_string"}}],"inLanguage":"fr-FR"}]}},"_links":{"self":[{"href":"https:\/\/uxr.ca\/fr\/wp-json\/wp\/v2\/pages\/2333","targetHints":{"allow":["GET"]}}],"collection":[{"href":"https:\/\/uxr.ca\/fr\/wp-json\/wp\/v2\/pages"}],"about":[{"href":"https:\/\/uxr.ca\/fr\/wp-json\/wp\/v2\/types\/page"}],"author":[{"embeddable":true,"href":"https:\/\/uxr.ca\/fr\/wp-json\/wp\/v2\/users\/1"}],"replies":[{"embeddable":true,"href":"https:\/\/uxr.ca\/fr\/wp-json\/wp\/v2\/comments?post=2333"}],"version-history":[{"count":5,"href":"https:\/\/uxr.ca\/fr\/wp-json\/wp\/v2\/pages\/2333\/revisions"}],"predecessor-version":[{"id":3013,"href":"https:\/\/uxr.ca\/fr\/wp-json\/wp\/v2\/pages\/2333\/revisions\/3013"}],"wp:attachment":[{"href":"https:\/\/uxr.ca\/fr\/wp-json\/wp\/v2\/media?parent=2333"}],"curies":[{"name":"wp","href":"https:\/\/api.w.org\/{rel}","templated":true}]}}