{"id":2331,"date":"2020-12-14T12:48:06","date_gmt":"2020-12-14T17:48:06","guid":{"rendered":"http:\/\/uxr.ca\/?page_id=2331"},"modified":"2023-02-15T15:02:03","modified_gmt":"2023-02-15T20:02:03","slug":"demande-de-soumission","status":"publish","type":"page","link":"https:\/\/uxr.ca\/fr\/contactez-nous\/demande-de-soumission\/","title":{"rendered":"Demande de soumission"},"content":{"rendered":"<div class=\"frm_forms \" id=\"frm_form_8_container\" data-token=\"344046c772f6f04bb7b04647192ccbeb\">\n<form enctype=\"multipart\/form-data\" method=\"post\" class=\"frm-show-form  frm_pro_form \" id=\"form_requestaquote3\" data-token=\"344046c772f6f04bb7b04647192ccbeb\">\n<div class=\"frm_form_fields \">\n<fieldset>\n<legend class=\"frm_screen_reader\">Request a Quote FR<\/legend>\r\n\r\n<div class=\"frm_fields_container\">\n<input type=\"hidden\" name=\"frm_action\" value=\"create\" \/>\n<input type=\"hidden\" name=\"form_id\" value=\"8\" \/>\n<input type=\"hidden\" name=\"frm_hide_fields_8\" id=\"frm_hide_fields_8\" value=\"\" \/>\n<input type=\"hidden\" name=\"form_key\" value=\"requestaquote3\" \/>\n<input type=\"hidden\" name=\"item_meta[0]\" value=\"\" \/>\n<input type=\"hidden\" id=\"frm_submit_entry_8\" name=\"frm_submit_entry_8\" value=\"f9dbdfaafb\" \/><input type=\"hidden\" name=\"_wp_http_referer\" value=\"\/fr\/wp-json\/wp\/v2\/pages\/2331\" \/><div id=\"frm_field_48_container\" class=\"frm_form_field form-field  frm_left_container frm_third product_sku_field\">\r\n    <label for=\"field_g380n2\" id=\"field_g380n2_label\" class=\"frm_primary_label\">Produit SKU\r\n        <span class=\"frm_required\" aria-hidden=\"true\"><\/span>\r\n    <\/label>\r\n    <input  type=\"text\" id=\"field_g380n2\" name=\"item_meta[48]\" value=\"\"  readonly=\"readonly\"  data-invmsg=\"Text is invalid\" class=\"form-control mb-3\" aria-invalid=\"false\"   \/>\r\n    \r\n    \r\n<\/div>\n<div id=\"frm_field_49_container\" class=\"frm_form_field form-field  frm_required_field frm_none_container frm6 frm_first\">\r\n    <label for=\"field_jgi5p2\" id=\"field_jgi5p2_label\" class=\"frm_primary_label\">Nom complet *\r\n        <span class=\"frm_required\" aria-hidden=\"true\">*<\/span>\r\n    <\/label>\r\n    <input  type=\"text\" id=\"field_jgi5p2\" name=\"item_meta[49]\" value=\"\"  placeholder=\"Nom complet *\" data-reqmsg=\"Nom complet * cannot be blank.\" aria-required=\"true\" data-invmsg=\"Text is invalid\" class=\"form-control mb-3\" aria-invalid=\"false\"   \/>\r\n    \r\n    \r\n<\/div>\n<div id=\"frm_field_50_container\" class=\"frm_form_field form-field  frm_none_container frm6\">\r\n    <label for=\"field_8sryn2\" id=\"field_8sryn2_label\" class=\"frm_primary_label\">Votre clinique v\u00e9t\u00e9rinaire \/ H\u00f4pital\r\n        <span class=\"frm_required\" aria-hidden=\"true\"><\/span>\r\n    <\/label>\r\n    <input  type=\"text\" id=\"field_8sryn2\" name=\"item_meta[50]\" value=\"\"  placeholder=\"Votre clinique v\u00e9t\u00e9rinaire \/ H\u00f4pital\" data-invmsg=\"Text is invalid\" class=\"form-control mb-3\" aria-invalid=\"false\"   \/>\r\n    \r\n    \r\n<\/div>\n<div id=\"frm_field_51_container\" class=\"frm_form_field form-field  frm_required_field frm_none_container frm6 frm_first\">\r\n    <label for=\"field_bpgy52\" id=\"field_bpgy52_label\" class=\"frm_primary_label\">Adresse courriel *\r\n        <span class=\"frm_required\" aria-hidden=\"true\">*<\/span>\r\n    <\/label>\r\n    <input type=\"email\" id=\"field_bpgy52\" name=\"item_meta[51]\" value=\"\"  placeholder=\"Adresse courriel *\" data-reqmsg=\"Adresse courriel * cannot be blank.\" aria-required=\"true\" data-invmsg=\"Email is invalid\" class=\"form-control mb-3\" aria-invalid=\"false\"  \/>\r\n    \r\n    \r\n<\/div>\n<div id=\"frm_field_52_container\" class=\"frm_form_field form-field  frm_none_container frm6\">\r\n    <label for=\"field_tkkob2\" id=\"field_tkkob2_label\" class=\"frm_primary_label\">Num\u00e9ro de t\u00e9l\u00e9phone\r\n        <span class=\"frm_required\" aria-hidden=\"true\"><\/span>\r\n    <\/label>\r\n    <input type=\"tel\" id=\"field_tkkob2\" name=\"item_meta[52]\" value=\"\"  placeholder=\"Num\u00e9ro de t\u00e9l\u00e9phone\" data-invmsg=\"Phone is invalid\" class=\"form-control mb-3\" aria-invalid=\"false\" pattern=\"((\\+\\d{1,3}(-|.| )?\\(?\\d\\)?(-| |.)?\\d{1,5})|(\\(?\\d{2,6}\\)?))(-|.| )?(\\d{3,4})(-|.| )?(\\d{4})(( x| ext)\\d{1,5}){0,1}$\"  \/>\r\n    \r\n    \r\n<\/div>\n<div id=\"frm_field_53_container\" class=\"frm_form_field form-field  frm_none_container\">\r\n    <label for=\"field_sjbpx2\" id=\"field_sjbpx2_label\" class=\"frm_primary_label\">Message\r\n        <span class=\"frm_required\" aria-hidden=\"true\"><\/span>\r\n    <\/label>\r\n    <textarea name=\"item_meta[53]\" id=\"field_sjbpx2\" rows=\"5\"  placeholder=\"Message\" data-invmsg=\"Message is invalid\" class=\"form-control mb-3\" aria-invalid=\"false\"  ><\/textarea>\r\n    \r\n    \r\n<\/div>\n<div id=\"frm_field_54_container\" class=\"frm_form_field form-field  frm_none_container\">\r\n    <label for=\"g-recaptcha-response\" id=\"field_gb6ex_label\" class=\"frm_primary_label\">CAPTCHA\r\n        <span class=\"frm_required\" aria-hidden=\"true\"><\/span>\r\n    <\/label>\r\n    \r\n    \r\n    \r\n<\/div>\n\t<input type=\"hidden\" name=\"item_key\" value=\"\" \/>\n\t\t\t<div id=\"frm_field_63_container\">\n\t\t\t<label for=\"field_5hb2e\" >\n\t\t\t\tIf you are human, leave this field blank.\t\t\t<\/label>\n\t\t\t<input  id=\"field_5hb2e\" type=\"text\" class=\"frm_form_field form-field frm_verify\" name=\"item_meta[63]\" value=\"\"  \/>\n\t\t<\/div>\n\t\t<input name=\"frm_state\" type=\"hidden\" value=\"EgHpKqyWHDvDQSprL0NPVyKgTiuyr0LLSz5LiaHSiqEKcYQM6u1WPrmGSb+8PoZAW66WCMg5j76jXqktIcAKkw==\" \/><div class=\"frm_submit\">\r\n\r\n<button class=\"frm_button_submit frm_final_submit btn btn-primary\" type=\"submit\"   formnovalidate=\"formnovalidate\">Envoyer<\/button>\r\n\r\n\r\n<\/div><\/div>\n<\/fieldset>\n<\/div>\n\n<\/form>\n<\/div>\n\n","protected":false},"excerpt":{"rendered":"","protected":false},"author":1,"featured_media":0,"parent":2333,"menu_order":0,"comment_status":"closed","ping_status":"closed","template":"","meta":{"_acf_changed":false,"_monsterinsights_skip_tracking":false,"_monsterinsights_sitenote_active":false,"_monsterinsights_sitenote_note":"","_monsterinsights_sitenote_category":0,"footnotes":""},"class_list":["post-2331","page","type-page","status-publish","hentry"],"acf":[],"yoast_head":"<!-- This site is optimized with the Yoast SEO plugin v27.2 - https:\/\/yoast.com\/product\/yoast-seo-wordpress\/ -->\n<title>Demande de soumission - UXR<\/title>\n<meta name=\"robots\" content=\"index, follow, max-snippet:-1, max-image-preview:large, max-video-preview:-1\" \/>\n<link rel=\"canonical\" href=\"https:\/\/uxr.ca\/fr\/contactez-nous\/demande-de-soumission\/\" \/>\n<meta property=\"og:locale\" content=\"fr_FR\" \/>\n<meta property=\"og:type\" content=\"article\" \/>\n<meta property=\"og:title\" content=\"Demande de soumission - UXR\" \/>\n<meta property=\"og:url\" content=\"https:\/\/uxr.ca\/fr\/contactez-nous\/demande-de-soumission\/\" \/>\n<meta property=\"og:site_name\" content=\"UXR\" \/>\n<meta property=\"article:modified_time\" content=\"2023-02-15T20:02:03+00:00\" \/>\n<meta name=\"twitter:card\" content=\"summary_large_image\" \/>\n<meta name=\"twitter:label1\" content=\"Est. reading time\" \/>\n\t<meta name=\"twitter:data1\" content=\"1 minute\" \/>\n<script type=\"application\/ld+json\" class=\"yoast-schema-graph\">{\"@context\":\"https:\/\/schema.org\",\"@graph\":[{\"@type\":\"WebPage\",\"@id\":\"https:\/\/uxr.ca\/fr\/contactez-nous\/demande-de-soumission\/\",\"url\":\"https:\/\/uxr.ca\/fr\/contactez-nous\/demande-de-soumission\/\",\"name\":\"Demande de soumission - UXR\",\"isPartOf\":{\"@id\":\"https:\/\/uxr.ca\/fr\/#website\"},\"datePublished\":\"2020-12-14T17:48:06+00:00\",\"dateModified\":\"2023-02-15T20:02:03+00:00\",\"inLanguage\":\"fr-FR\",\"potentialAction\":[{\"@type\":\"ReadAction\",\"target\":[\"https:\/\/uxr.ca\/fr\/contactez-nous\/demande-de-soumission\/\"]}]},{\"@type\":\"WebSite\",\"@id\":\"https:\/\/uxr.ca\/fr\/#website\",\"url\":\"https:\/\/uxr.ca\/fr\/\",\"name\":\"UXR\",\"description\":\"Just another WordPress site\",\"potentialAction\":[{\"@type\":\"SearchAction\",\"target\":{\"@type\":\"EntryPoint\",\"urlTemplate\":\"https:\/\/uxr.ca\/fr\/?s={search_term_string}\"},\"query-input\":{\"@type\":\"PropertyValueSpecification\",\"valueRequired\":true,\"valueName\":\"search_term_string\"}}],\"inLanguage\":\"fr-FR\"}]}<\/script>\n<!-- \/ Yoast SEO plugin. -->","yoast_head_json":{"title":"Demande de soumission - UXR","robots":{"index":"index","follow":"follow","max-snippet":"max-snippet:-1","max-image-preview":"max-image-preview:large","max-video-preview":"max-video-preview:-1"},"canonical":"https:\/\/uxr.ca\/fr\/contactez-nous\/demande-de-soumission\/","og_locale":"fr_FR","og_type":"article","og_title":"Demande de soumission - UXR","og_url":"https:\/\/uxr.ca\/fr\/contactez-nous\/demande-de-soumission\/","og_site_name":"UXR","article_modified_time":"2023-02-15T20:02:03+00:00","twitter_card":"summary_large_image","twitter_misc":{"Est. reading time":"1 minute"},"schema":{"@context":"https:\/\/schema.org","@graph":[{"@type":"WebPage","@id":"https:\/\/uxr.ca\/fr\/contactez-nous\/demande-de-soumission\/","url":"https:\/\/uxr.ca\/fr\/contactez-nous\/demande-de-soumission\/","name":"Demande de soumission - UXR","isPartOf":{"@id":"https:\/\/uxr.ca\/fr\/#website"},"datePublished":"2020-12-14T17:48:06+00:00","dateModified":"2023-02-15T20:02:03+00:00","inLanguage":"fr-FR","potentialAction":[{"@type":"ReadAction","target":["https:\/\/uxr.ca\/fr\/contactez-nous\/demande-de-soumission\/"]}]},{"@type":"WebSite","@id":"https:\/\/uxr.ca\/fr\/#website","url":"https:\/\/uxr.ca\/fr\/","name":"UXR","description":"Just another WordPress site","potentialAction":[{"@type":"SearchAction","target":{"@type":"EntryPoint","urlTemplate":"https:\/\/uxr.ca\/fr\/?s={search_term_string}"},"query-input":{"@type":"PropertyValueSpecification","valueRequired":true,"valueName":"search_term_string"}}],"inLanguage":"fr-FR"}]}},"_links":{"self":[{"href":"https:\/\/uxr.ca\/fr\/wp-json\/wp\/v2\/pages\/2331","targetHints":{"allow":["GET"]}}],"collection":[{"href":"https:\/\/uxr.ca\/fr\/wp-json\/wp\/v2\/pages"}],"about":[{"href":"https:\/\/uxr.ca\/fr\/wp-json\/wp\/v2\/types\/page"}],"author":[{"embeddable":true,"href":"https:\/\/uxr.ca\/fr\/wp-json\/wp\/v2\/users\/1"}],"replies":[{"embeddable":true,"href":"https:\/\/uxr.ca\/fr\/wp-json\/wp\/v2\/comments?post=2331"}],"version-history":[{"count":2,"href":"https:\/\/uxr.ca\/fr\/wp-json\/wp\/v2\/pages\/2331\/revisions"}],"predecessor-version":[{"id":2827,"href":"https:\/\/uxr.ca\/fr\/wp-json\/wp\/v2\/pages\/2331\/revisions\/2827"}],"up":[{"embeddable":true,"href":"https:\/\/uxr.ca\/fr\/wp-json\/wp\/v2\/pages\/2333"}],"wp:attachment":[{"href":"https:\/\/uxr.ca\/fr\/wp-json\/wp\/v2\/media?parent=2331"}],"curies":[{"name":"wp","href":"https:\/\/api.w.org\/{rel}","templated":true}]}}