{"id":2327,"date":"2020-12-14T12:39:27","date_gmt":"2020-12-14T17:39:27","guid":{"rendered":"http:\/\/uxr.ca\/?page_id=2327"},"modified":"2020-12-14T12:39:52","modified_gmt":"2020-12-14T17:39:52","slug":"photos","status":"publish","type":"page","link":"https:\/\/uxr.ca\/fr\/a-propos-de-nous\/photos\/","title":{"rendered":"Photos"},"content":{"rendered":"\n<p>Sur cette page, vous trouverez des images de produits que nous avons vendus et fournis \u00e0 divers h\u00f4pitaux, cliniques et cabinets v\u00e9t\u00e9rinaires \u00e0 travers le Canada. Ces produits vont des machines \u00e0 rayons X, aux cages, aux tables et plus encore\u2026 et nous sommes fiers de partager ces images de nos clients satisfaits et de leurs installations.<\/p>\n\n\n\n<p>De plus, vous pouvez lire quelques t\u00e9moignages que nous sommes fiers de partager de nos clients qui appr\u00e9cient nos produits et services, et notre engagement \u00e0 aider les animaux!<\/p>\n","protected":false},"excerpt":{"rendered":"<p>Sur cette page, vous trouverez des images de produits que nous avons vendus et fournis \u00e0 divers h\u00f4pitaux, cliniques et cabinets v\u00e9t\u00e9rinaires \u00e0 travers le Canada. Ces produits vont des machines \u00e0 rayons X, aux cages, aux tables et plus encore\u2026 et nous sommes fiers de partager ces images de nos clients satisfaits et de &hellip; <a href=\"https:\/\/uxr.ca\/fr\/a-propos-de-nous\/photos\/\">Continued<\/a><\/p>\n","protected":false},"author":1,"featured_media":0,"parent":2209,"menu_order":0,"comment_status":"closed","ping_status":"closed","template":"views\/template-photos.blade.php","meta":{"_acf_changed":false,"_monsterinsights_skip_tracking":false,"_monsterinsights_sitenote_active":false,"_monsterinsights_sitenote_note":"","_monsterinsights_sitenote_category":0,"footnotes":""},"class_list":["post-2327","page","type-page","status-publish","hentry"],"acf":[],"yoast_head":"<!-- This site is optimized with the Yoast SEO plugin v27.4 - https:\/\/yoast.com\/product\/yoast-seo-wordpress\/ -->\n<title>Photos - UXR<\/title>\n<meta name=\"robots\" content=\"index, follow, max-snippet:-1, max-image-preview:large, max-video-preview:-1\" \/>\n<link rel=\"canonical\" href=\"https:\/\/uxr.ca\/fr\/a-propos-de-nous\/photos\/\" \/>\n<meta property=\"og:locale\" content=\"fr_FR\" \/>\n<meta property=\"og:type\" content=\"article\" \/>\n<meta property=\"og:title\" content=\"Photos - UXR\" \/>\n<meta property=\"og:description\" content=\"Sur cette page, vous trouverez des images de produits que nous avons vendus et fournis \u00e0 divers h\u00f4pitaux, cliniques et cabinets v\u00e9t\u00e9rinaires \u00e0 travers le Canada. Ces produits vont des machines \u00e0 rayons X, aux cages, aux tables et plus encore\u2026 et nous sommes fiers de partager ces images de nos clients satisfaits et de &hellip; Continued\" \/>\n<meta property=\"og:url\" content=\"https:\/\/uxr.ca\/fr\/a-propos-de-nous\/photos\/\" \/>\n<meta property=\"og:site_name\" content=\"UXR\" \/>\n<meta property=\"article:modified_time\" content=\"2020-12-14T17:39:52+00:00\" \/>\n<meta name=\"twitter:card\" content=\"summary_large_image\" \/>\n<script type=\"application\/ld+json\" class=\"yoast-schema-graph\">{\"@context\":\"https:\\\/\\\/schema.org\",\"@graph\":[{\"@type\":\"WebPage\",\"@id\":\"https:\\\/\\\/uxr.ca\\\/fr\\\/a-propos-de-nous\\\/photos\\\/\",\"url\":\"https:\\\/\\\/uxr.ca\\\/fr\\\/a-propos-de-nous\\\/photos\\\/\",\"name\":\"Photos - UXR\",\"isPartOf\":{\"@id\":\"https:\\\/\\\/uxr.ca\\\/fr\\\/#website\"},\"datePublished\":\"2020-12-14T17:39:27+00:00\",\"dateModified\":\"2020-12-14T17:39:52+00:00\",\"inLanguage\":\"fr-FR\",\"potentialAction\":[{\"@type\":\"ReadAction\",\"target\":[\"https:\\\/\\\/uxr.ca\\\/fr\\\/a-propos-de-nous\\\/photos\\\/\"]}]},{\"@type\":\"WebSite\",\"@id\":\"https:\\\/\\\/uxr.ca\\\/fr\\\/#website\",\"url\":\"https:\\\/\\\/uxr.ca\\\/fr\\\/\",\"name\":\"UXR\",\"description\":\"Just another WordPress site\",\"potentialAction\":[{\"@type\":\"SearchAction\",\"target\":{\"@type\":\"EntryPoint\",\"urlTemplate\":\"https:\\\/\\\/uxr.ca\\\/fr\\\/?s={search_term_string}\"},\"query-input\":{\"@type\":\"PropertyValueSpecification\",\"valueRequired\":true,\"valueName\":\"search_term_string\"}}],\"inLanguage\":\"fr-FR\"}]}<\/script>\n<!-- \/ Yoast SEO plugin. -->","yoast_head_json":{"title":"Photos - UXR","robots":{"index":"index","follow":"follow","max-snippet":"max-snippet:-1","max-image-preview":"max-image-preview:large","max-video-preview":"max-video-preview:-1"},"canonical":"https:\/\/uxr.ca\/fr\/a-propos-de-nous\/photos\/","og_locale":"fr_FR","og_type":"article","og_title":"Photos - UXR","og_description":"Sur cette page, vous trouverez des images de produits que nous avons vendus et fournis \u00e0 divers h\u00f4pitaux, cliniques et cabinets v\u00e9t\u00e9rinaires \u00e0 travers le Canada. Ces produits vont des machines \u00e0 rayons X, aux cages, aux tables et plus encore\u2026 et nous sommes fiers de partager ces images de nos clients satisfaits et de &hellip; Continued","og_url":"https:\/\/uxr.ca\/fr\/a-propos-de-nous\/photos\/","og_site_name":"UXR","article_modified_time":"2020-12-14T17:39:52+00:00","twitter_card":"summary_large_image","schema":{"@context":"https:\/\/schema.org","@graph":[{"@type":"WebPage","@id":"https:\/\/uxr.ca\/fr\/a-propos-de-nous\/photos\/","url":"https:\/\/uxr.ca\/fr\/a-propos-de-nous\/photos\/","name":"Photos - UXR","isPartOf":{"@id":"https:\/\/uxr.ca\/fr\/#website"},"datePublished":"2020-12-14T17:39:27+00:00","dateModified":"2020-12-14T17:39:52+00:00","inLanguage":"fr-FR","potentialAction":[{"@type":"ReadAction","target":["https:\/\/uxr.ca\/fr\/a-propos-de-nous\/photos\/"]}]},{"@type":"WebSite","@id":"https:\/\/uxr.ca\/fr\/#website","url":"https:\/\/uxr.ca\/fr\/","name":"UXR","description":"Just another WordPress site","potentialAction":[{"@type":"SearchAction","target":{"@type":"EntryPoint","urlTemplate":"https:\/\/uxr.ca\/fr\/?s={search_term_string}"},"query-input":{"@type":"PropertyValueSpecification","valueRequired":true,"valueName":"search_term_string"}}],"inLanguage":"fr-FR"}]}},"_links":{"self":[{"href":"https:\/\/uxr.ca\/fr\/wp-json\/wp\/v2\/pages\/2327","targetHints":{"allow":["GET"]}}],"collection":[{"href":"https:\/\/uxr.ca\/fr\/wp-json\/wp\/v2\/pages"}],"about":[{"href":"https:\/\/uxr.ca\/fr\/wp-json\/wp\/v2\/types\/page"}],"author":[{"embeddable":true,"href":"https:\/\/uxr.ca\/fr\/wp-json\/wp\/v2\/users\/1"}],"replies":[{"embeddable":true,"href":"https:\/\/uxr.ca\/fr\/wp-json\/wp\/v2\/comments?post=2327"}],"version-history":[{"count":2,"href":"https:\/\/uxr.ca\/fr\/wp-json\/wp\/v2\/pages\/2327\/revisions"}],"predecessor-version":[{"id":2329,"href":"https:\/\/uxr.ca\/fr\/wp-json\/wp\/v2\/pages\/2327\/revisions\/2329"}],"up":[{"embeddable":true,"href":"https:\/\/uxr.ca\/fr\/wp-json\/wp\/v2\/pages\/2209"}],"wp:attachment":[{"href":"https:\/\/uxr.ca\/fr\/wp-json\/wp\/v2\/media?parent=2327"}],"curies":[{"name":"wp","href":"https:\/\/api.w.org\/{rel}","templated":true}]}}