{"id":2316,"date":"2020-12-11T15:20:30","date_gmt":"2020-12-11T20:20:30","guid":{"rendered":"http:\/\/uxr.ca\/?page_id=2316"},"modified":"2023-03-03T09:31:50","modified_gmt":"2023-03-03T14:31:50","slug":"vous-construisez-une-nouvelle-clinique","status":"publish","type":"page","link":"https:\/\/uxr.ca\/fr\/vous-construisez-une-nouvelle-clinique\/","title":{"rendered":"Un projet de nouvelle clinique?"},"content":{"rendered":"\n<p>Que vous soyez dans les premi\u00e8res \u00e9tapes de la planification ou \u00e0 un stade plus avanc\u00e9 de votre projet, nous sommes l\u00e0 pour vous. Avec notre expertise unique, nos \u00e9quipements et technologies de pointe et notre service personnalis\u00e9, nous pouvons donner vie \u00e0 votre vision et vous assurer d\u2019un processus aussi transparent et simple.<\/p>\n\n\n\n<p>Syst\u00e8mes de radiographie, imagerie dentaire, \u00e9chographie, lasers, chenils, tables, \u00e9clairage, surveillance des patients, anesth\u00e9sie, instrumentation, etc. Nous avons tout! Nous pouvons adapter nos solutions \u00e0 vos besoins et les personnaliser en fonction de vos exigences sp\u00e9cifiques. Une fois l\u2019installation compl\u00e9t\u00e9e, nous serons toujours l\u00e0 pour vous afin d\u2019assurer la formation, l\u2019entretien et le service pour que votre personnel ait tous les outils et les connaissances n\u00e9cessaires \u00e0 vos op\u00e9rations quotidiennes.<\/p>\n\n\n\n<p>Nous offrons des solutions \u00e9prouv\u00e9es pour l\u2019ensemble des besoins en \u00e9quipement de votre clinique v\u00e9t\u00e9rinaire!<\/p>\n\n\n\n<p>D\u2019un oc\u00e9an \u00e0 l\u2019autre, nous avons collabor\u00e9 avec des v\u00e9t\u00e9rinaires, des architectes et des entrepreneurs pour transformer les r\u00eaves en r\u00e9alit\u00e9. Nos produits et \u00e9quipements sont \u00e0 la fine pointe de la technologie, car nous travaillons avec de nombreux fabricants d\u2019\u00e9quipements v\u00e9t\u00e9rinaires r\u00e9put\u00e9s de premier plan.<\/p>\n\n\n\n<p>Contactez-nous d\u00e8s aujourd\u2019hui!<\/p>\n","protected":false},"excerpt":{"rendered":"<p>Que vous soyez dans les premi\u00e8res \u00e9tapes de la planification ou \u00e0 un stade plus avanc\u00e9 de votre projet, nous sommes l\u00e0 pour vous. Avec notre expertise unique, nos \u00e9quipements et technologies de pointe et notre service personnalis\u00e9, nous pouvons donner vie \u00e0 votre vision et vous assurer d\u2019un processus aussi transparent et simple. Syst\u00e8mes &hellip; <a href=\"https:\/\/uxr.ca\/fr\/vous-construisez-une-nouvelle-clinique\/\">Continued<\/a><\/p>\n","protected":false},"author":1,"featured_media":0,"parent":0,"menu_order":0,"comment_status":"closed","ping_status":"closed","template":"","meta":{"_acf_changed":false,"_monsterinsights_skip_tracking":false,"_monsterinsights_sitenote_active":false,"_monsterinsights_sitenote_note":"","_monsterinsights_sitenote_category":0,"footnotes":""},"class_list":["post-2316","page","type-page","status-publish","hentry"],"acf":[],"yoast_head":"<!-- This site is optimized with the Yoast SEO plugin v27.4 - https:\/\/yoast.com\/product\/yoast-seo-wordpress\/ -->\n<title>Un projet de nouvelle clinique? - UXR<\/title>\n<meta name=\"robots\" content=\"index, follow, max-snippet:-1, max-image-preview:large, max-video-preview:-1\" \/>\n<link rel=\"canonical\" href=\"https:\/\/uxr.ca\/fr\/vous-construisez-une-nouvelle-clinique\/\" \/>\n<meta property=\"og:locale\" content=\"fr_FR\" \/>\n<meta property=\"og:type\" content=\"article\" \/>\n<meta property=\"og:title\" content=\"Un projet de nouvelle clinique? - UXR\" \/>\n<meta property=\"og:description\" content=\"Que vous soyez dans les premi\u00e8res \u00e9tapes de la planification ou \u00e0 un stade plus avanc\u00e9 de votre projet, nous sommes l\u00e0 pour vous. Avec notre expertise unique, nos \u00e9quipements et technologies de pointe et notre service personnalis\u00e9, nous pouvons donner vie \u00e0 votre vision et vous assurer d\u2019un processus aussi transparent et simple. Syst\u00e8mes &hellip; Continued\" \/>\n<meta property=\"og:url\" content=\"https:\/\/uxr.ca\/fr\/vous-construisez-une-nouvelle-clinique\/\" \/>\n<meta property=\"og:site_name\" content=\"UXR\" \/>\n<meta property=\"article:modified_time\" content=\"2023-03-03T14:31:50+00:00\" \/>\n<meta name=\"twitter:card\" content=\"summary_large_image\" \/>\n<meta name=\"twitter:label1\" content=\"Est. reading time\" \/>\n\t<meta name=\"twitter:data1\" content=\"1 minute\" \/>\n<script type=\"application\/ld+json\" class=\"yoast-schema-graph\">{\"@context\":\"https:\\\/\\\/schema.org\",\"@graph\":[{\"@type\":\"WebPage\",\"@id\":\"https:\\\/\\\/uxr.ca\\\/fr\\\/vous-construisez-une-nouvelle-clinique\\\/\",\"url\":\"https:\\\/\\\/uxr.ca\\\/fr\\\/vous-construisez-une-nouvelle-clinique\\\/\",\"name\":\"Un projet de nouvelle clinique? - UXR\",\"isPartOf\":{\"@id\":\"https:\\\/\\\/uxr.ca\\\/fr\\\/#website\"},\"datePublished\":\"2020-12-11T20:20:30+00:00\",\"dateModified\":\"2023-03-03T14:31:50+00:00\",\"breadcrumb\":{\"@id\":\"https:\\\/\\\/uxr.ca\\\/fr\\\/vous-construisez-une-nouvelle-clinique\\\/#breadcrumb\"},\"inLanguage\":\"fr-FR\",\"potentialAction\":[{\"@type\":\"ReadAction\",\"target\":[\"https:\\\/\\\/uxr.ca\\\/fr\\\/vous-construisez-une-nouvelle-clinique\\\/\"]}]},{\"@type\":\"BreadcrumbList\",\"@id\":\"https:\\\/\\\/uxr.ca\\\/fr\\\/vous-construisez-une-nouvelle-clinique\\\/#breadcrumb\",\"itemListElement\":[]},{\"@type\":\"WebSite\",\"@id\":\"https:\\\/\\\/uxr.ca\\\/fr\\\/#website\",\"url\":\"https:\\\/\\\/uxr.ca\\\/fr\\\/\",\"name\":\"UXR\",\"description\":\"Just another WordPress site\",\"potentialAction\":[{\"@type\":\"SearchAction\",\"target\":{\"@type\":\"EntryPoint\",\"urlTemplate\":\"https:\\\/\\\/uxr.ca\\\/fr\\\/?s={search_term_string}\"},\"query-input\":{\"@type\":\"PropertyValueSpecification\",\"valueRequired\":true,\"valueName\":\"search_term_string\"}}],\"inLanguage\":\"fr-FR\"}]}<\/script>\n<!-- \/ Yoast SEO plugin. -->","yoast_head_json":{"title":"Un projet de nouvelle clinique? - UXR","robots":{"index":"index","follow":"follow","max-snippet":"max-snippet:-1","max-image-preview":"max-image-preview:large","max-video-preview":"max-video-preview:-1"},"canonical":"https:\/\/uxr.ca\/fr\/vous-construisez-une-nouvelle-clinique\/","og_locale":"fr_FR","og_type":"article","og_title":"Un projet de nouvelle clinique? - UXR","og_description":"Que vous soyez dans les premi\u00e8res \u00e9tapes de la planification ou \u00e0 un stade plus avanc\u00e9 de votre projet, nous sommes l\u00e0 pour vous. Avec notre expertise unique, nos \u00e9quipements et technologies de pointe et notre service personnalis\u00e9, nous pouvons donner vie \u00e0 votre vision et vous assurer d\u2019un processus aussi transparent et simple. Syst\u00e8mes &hellip; Continued","og_url":"https:\/\/uxr.ca\/fr\/vous-construisez-une-nouvelle-clinique\/","og_site_name":"UXR","article_modified_time":"2023-03-03T14:31:50+00:00","twitter_card":"summary_large_image","twitter_misc":{"Est. reading time":"1 minute"},"schema":{"@context":"https:\/\/schema.org","@graph":[{"@type":"WebPage","@id":"https:\/\/uxr.ca\/fr\/vous-construisez-une-nouvelle-clinique\/","url":"https:\/\/uxr.ca\/fr\/vous-construisez-une-nouvelle-clinique\/","name":"Un projet de nouvelle clinique? - UXR","isPartOf":{"@id":"https:\/\/uxr.ca\/fr\/#website"},"datePublished":"2020-12-11T20:20:30+00:00","dateModified":"2023-03-03T14:31:50+00:00","breadcrumb":{"@id":"https:\/\/uxr.ca\/fr\/vous-construisez-une-nouvelle-clinique\/#breadcrumb"},"inLanguage":"fr-FR","potentialAction":[{"@type":"ReadAction","target":["https:\/\/uxr.ca\/fr\/vous-construisez-une-nouvelle-clinique\/"]}]},{"@type":"BreadcrumbList","@id":"https:\/\/uxr.ca\/fr\/vous-construisez-une-nouvelle-clinique\/#breadcrumb","itemListElement":[]},{"@type":"WebSite","@id":"https:\/\/uxr.ca\/fr\/#website","url":"https:\/\/uxr.ca\/fr\/","name":"UXR","description":"Just another WordPress site","potentialAction":[{"@type":"SearchAction","target":{"@type":"EntryPoint","urlTemplate":"https:\/\/uxr.ca\/fr\/?s={search_term_string}"},"query-input":{"@type":"PropertyValueSpecification","valueRequired":true,"valueName":"search_term_string"}}],"inLanguage":"fr-FR"}]}},"_links":{"self":[{"href":"https:\/\/uxr.ca\/fr\/wp-json\/wp\/v2\/pages\/2316","targetHints":{"allow":["GET"]}}],"collection":[{"href":"https:\/\/uxr.ca\/fr\/wp-json\/wp\/v2\/pages"}],"about":[{"href":"https:\/\/uxr.ca\/fr\/wp-json\/wp\/v2\/types\/page"}],"author":[{"embeddable":true,"href":"https:\/\/uxr.ca\/fr\/wp-json\/wp\/v2\/users\/1"}],"replies":[{"embeddable":true,"href":"https:\/\/uxr.ca\/fr\/wp-json\/wp\/v2\/comments?post=2316"}],"version-history":[{"count":2,"href":"https:\/\/uxr.ca\/fr\/wp-json\/wp\/v2\/pages\/2316\/revisions"}],"predecessor-version":[{"id":2859,"href":"https:\/\/uxr.ca\/fr\/wp-json\/wp\/v2\/pages\/2316\/revisions\/2859"}],"wp:attachment":[{"href":"https:\/\/uxr.ca\/fr\/wp-json\/wp\/v2\/media?parent=2316"}],"curies":[{"name":"wp","href":"https:\/\/api.w.org\/{rel}","templated":true}]}}