{"id":2209,"date":"2020-12-11T14:42:49","date_gmt":"2020-12-11T19:42:49","guid":{"rendered":"http:\/\/uxr.ca\/?page_id=2209"},"modified":"2021-04-20T09:12:21","modified_gmt":"2021-04-20T13:12:21","slug":"a-propos-de-nous","status":"publish","type":"page","link":"https:\/\/uxr.ca\/fr\/a-propos-de-nous\/","title":{"rendered":"\u00c0 propos de nous"},"content":{"rendered":"\n<p>UXR Inc. est un fournisseur d\u2019\u00e9quipement v\u00e9t\u00e9rinaire enti\u00e8rement int\u00e9gr\u00e9. Nous offrons des \u00e9quipements \u00e0 rayons X allant du r\u00e9put\u00e9 syst\u00e8me de radiographie v\u00e9t\u00e9rinaire Sedecal aux appareils \u00e0 rayons X portables. Nous proposons \u00e9galement du mat\u00e9riel d\u2019imagerie num\u00e9rique dentaire v\u00e9t\u00e9rinaire ainsi que d\u2019autres fournitures v\u00e9t\u00e9rinaires: \u00e9clairage, tables, pompes \u00e0 perfusion, centrifugeuses, cages, unit\u00e9s de st\u00e9rilisation, tapis roulants sous-marins et Assisi Loop \u2013 une nouvelle th\u00e9rapie anti-inflammatoire non invasive utilis\u00e9e pour le soulagement de la douleur.<\/p>\n\n\n\n<p>Non seulement UXR a une solide exp\u00e9rience dans la distribution de produits v\u00e9t\u00e9rinaires, mais nous avons \u00e9galement une grande exp\u00e9rience dans l\u2019installation et la prise en charge d\u2019\u00e9quipements d\u2019imagerie num\u00e9rique et de rayons-X. Notre \u00e9quipe comprend un soutien interne avec une expertise en imagerie et v\u00e9t\u00e9rinaire qui est soutenue par une \u00e9quipe de techniciens exp\u00e9riment\u00e9s en radiologie et en \u00e9quipement v\u00e9t\u00e9rinaire. De plus, nous sommes en mesure d\u2019offrir des temps de r\u00e9ponse rapide pour les r\u00e9parations, les approbations des fabricants pour les r\u00e9parations sous garantie, un programme de pr\u00eat et un service \u00e0 l\u2019\u00e9chelle nationale. UXR est une entreprise canadienne qui distribue des produits exclusivement au Canada.<\/p>\n","protected":false},"excerpt":{"rendered":"<p>UXR Inc. est un fournisseur d\u2019\u00e9quipement v\u00e9t\u00e9rinaire enti\u00e8rement int\u00e9gr\u00e9. Nous offrons des \u00e9quipements \u00e0 rayons X allant du r\u00e9put\u00e9 syst\u00e8me de radiographie v\u00e9t\u00e9rinaire Sedecal aux appareils \u00e0 rayons X portables. Nous proposons \u00e9galement du mat\u00e9riel d\u2019imagerie num\u00e9rique dentaire v\u00e9t\u00e9rinaire ainsi que d\u2019autres fournitures v\u00e9t\u00e9rinaires: \u00e9clairage, tables, pompes \u00e0 perfusion, centrifugeuses, cages, unit\u00e9s de st\u00e9rilisation, tapis &hellip; <a href=\"https:\/\/uxr.ca\/fr\/a-propos-de-nous\/\">Continued<\/a><\/p>\n","protected":false},"author":1,"featured_media":0,"parent":0,"menu_order":1,"comment_status":"closed","ping_status":"closed","template":"","meta":{"_acf_changed":false,"_monsterinsights_skip_tracking":false,"_monsterinsights_sitenote_active":false,"_monsterinsights_sitenote_note":"","_monsterinsights_sitenote_category":0,"footnotes":""},"class_list":["post-2209","page","type-page","status-publish","hentry"],"acf":[],"yoast_head":"<!-- This site is optimized with the Yoast SEO plugin v27.2 - https:\/\/yoast.com\/product\/yoast-seo-wordpress\/ -->\n<title>\u00c0 propos de nous - UXR<\/title>\n<meta name=\"robots\" content=\"index, follow, max-snippet:-1, max-image-preview:large, max-video-preview:-1\" \/>\n<link rel=\"canonical\" href=\"https:\/\/uxr.ca\/fr\/a-propos-de-nous\/\" \/>\n<meta property=\"og:locale\" content=\"fr_FR\" \/>\n<meta property=\"og:type\" content=\"article\" \/>\n<meta property=\"og:title\" content=\"\u00c0 propos de nous - UXR\" \/>\n<meta property=\"og:description\" content=\"UXR Inc. est un fournisseur d\u2019\u00e9quipement v\u00e9t\u00e9rinaire enti\u00e8rement int\u00e9gr\u00e9. Nous offrons des \u00e9quipements \u00e0 rayons X allant du r\u00e9put\u00e9 syst\u00e8me de radiographie v\u00e9t\u00e9rinaire Sedecal aux appareils \u00e0 rayons X portables. Nous proposons \u00e9galement du mat\u00e9riel d\u2019imagerie num\u00e9rique dentaire v\u00e9t\u00e9rinaire ainsi que d\u2019autres fournitures v\u00e9t\u00e9rinaires: \u00e9clairage, tables, pompes \u00e0 perfusion, centrifugeuses, cages, unit\u00e9s de st\u00e9rilisation, tapis &hellip; Continued\" \/>\n<meta property=\"og:url\" content=\"https:\/\/uxr.ca\/fr\/a-propos-de-nous\/\" \/>\n<meta property=\"og:site_name\" content=\"UXR\" \/>\n<meta property=\"article:modified_time\" content=\"2021-04-20T13:12:21+00:00\" \/>\n<meta name=\"twitter:card\" content=\"summary_large_image\" \/>\n<meta name=\"twitter:label1\" content=\"Est. reading time\" \/>\n\t<meta name=\"twitter:data1\" content=\"1 minute\" \/>\n<script type=\"application\/ld+json\" class=\"yoast-schema-graph\">{\"@context\":\"https:\/\/schema.org\",\"@graph\":[{\"@type\":\"WebPage\",\"@id\":\"https:\/\/uxr.ca\/fr\/a-propos-de-nous\/\",\"url\":\"https:\/\/uxr.ca\/fr\/a-propos-de-nous\/\",\"name\":\"\u00c0 propos de nous - UXR\",\"isPartOf\":{\"@id\":\"https:\/\/uxr.ca\/fr\/#website\"},\"datePublished\":\"2020-12-11T19:42:49+00:00\",\"dateModified\":\"2021-04-20T13:12:21+00:00\",\"breadcrumb\":{\"@id\":\"https:\/\/uxr.ca\/fr\/a-propos-de-nous\/#breadcrumb\"},\"inLanguage\":\"fr-FR\",\"potentialAction\":[{\"@type\":\"ReadAction\",\"target\":[\"https:\/\/uxr.ca\/fr\/a-propos-de-nous\/\"]}]},{\"@type\":\"BreadcrumbList\",\"@id\":\"https:\/\/uxr.ca\/fr\/a-propos-de-nous\/#breadcrumb\",\"itemListElement\":[]},{\"@type\":\"WebSite\",\"@id\":\"https:\/\/uxr.ca\/fr\/#website\",\"url\":\"https:\/\/uxr.ca\/fr\/\",\"name\":\"UXR\",\"description\":\"Just another WordPress site\",\"potentialAction\":[{\"@type\":\"SearchAction\",\"target\":{\"@type\":\"EntryPoint\",\"urlTemplate\":\"https:\/\/uxr.ca\/fr\/?s={search_term_string}\"},\"query-input\":{\"@type\":\"PropertyValueSpecification\",\"valueRequired\":true,\"valueName\":\"search_term_string\"}}],\"inLanguage\":\"fr-FR\"}]}<\/script>\n<!-- \/ Yoast SEO plugin. -->","yoast_head_json":{"title":"\u00c0 propos de nous - UXR","robots":{"index":"index","follow":"follow","max-snippet":"max-snippet:-1","max-image-preview":"max-image-preview:large","max-video-preview":"max-video-preview:-1"},"canonical":"https:\/\/uxr.ca\/fr\/a-propos-de-nous\/","og_locale":"fr_FR","og_type":"article","og_title":"\u00c0 propos de nous - UXR","og_description":"UXR Inc. est un fournisseur d\u2019\u00e9quipement v\u00e9t\u00e9rinaire enti\u00e8rement int\u00e9gr\u00e9. Nous offrons des \u00e9quipements \u00e0 rayons X allant du r\u00e9put\u00e9 syst\u00e8me de radiographie v\u00e9t\u00e9rinaire Sedecal aux appareils \u00e0 rayons X portables. Nous proposons \u00e9galement du mat\u00e9riel d\u2019imagerie num\u00e9rique dentaire v\u00e9t\u00e9rinaire ainsi que d\u2019autres fournitures v\u00e9t\u00e9rinaires: \u00e9clairage, tables, pompes \u00e0 perfusion, centrifugeuses, cages, unit\u00e9s de st\u00e9rilisation, tapis &hellip; Continued","og_url":"https:\/\/uxr.ca\/fr\/a-propos-de-nous\/","og_site_name":"UXR","article_modified_time":"2021-04-20T13:12:21+00:00","twitter_card":"summary_large_image","twitter_misc":{"Est. reading time":"1 minute"},"schema":{"@context":"https:\/\/schema.org","@graph":[{"@type":"WebPage","@id":"https:\/\/uxr.ca\/fr\/a-propos-de-nous\/","url":"https:\/\/uxr.ca\/fr\/a-propos-de-nous\/","name":"\u00c0 propos de nous - UXR","isPartOf":{"@id":"https:\/\/uxr.ca\/fr\/#website"},"datePublished":"2020-12-11T19:42:49+00:00","dateModified":"2021-04-20T13:12:21+00:00","breadcrumb":{"@id":"https:\/\/uxr.ca\/fr\/a-propos-de-nous\/#breadcrumb"},"inLanguage":"fr-FR","potentialAction":[{"@type":"ReadAction","target":["https:\/\/uxr.ca\/fr\/a-propos-de-nous\/"]}]},{"@type":"BreadcrumbList","@id":"https:\/\/uxr.ca\/fr\/a-propos-de-nous\/#breadcrumb","itemListElement":[]},{"@type":"WebSite","@id":"https:\/\/uxr.ca\/fr\/#website","url":"https:\/\/uxr.ca\/fr\/","name":"UXR","description":"Just another WordPress site","potentialAction":[{"@type":"SearchAction","target":{"@type":"EntryPoint","urlTemplate":"https:\/\/uxr.ca\/fr\/?s={search_term_string}"},"query-input":{"@type":"PropertyValueSpecification","valueRequired":true,"valueName":"search_term_string"}}],"inLanguage":"fr-FR"}]}},"_links":{"self":[{"href":"https:\/\/uxr.ca\/fr\/wp-json\/wp\/v2\/pages\/2209","targetHints":{"allow":["GET"]}}],"collection":[{"href":"https:\/\/uxr.ca\/fr\/wp-json\/wp\/v2\/pages"}],"about":[{"href":"https:\/\/uxr.ca\/fr\/wp-json\/wp\/v2\/types\/page"}],"author":[{"embeddable":true,"href":"https:\/\/uxr.ca\/fr\/wp-json\/wp\/v2\/users\/1"}],"replies":[{"embeddable":true,"href":"https:\/\/uxr.ca\/fr\/wp-json\/wp\/v2\/comments?post=2209"}],"version-history":[{"count":5,"href":"https:\/\/uxr.ca\/fr\/wp-json\/wp\/v2\/pages\/2209\/revisions"}],"predecessor-version":[{"id":2470,"href":"https:\/\/uxr.ca\/fr\/wp-json\/wp\/v2\/pages\/2209\/revisions\/2470"}],"wp:attachment":[{"href":"https:\/\/uxr.ca\/fr\/wp-json\/wp\/v2\/media?parent=2209"}],"curies":[{"name":"wp","href":"https:\/\/api.w.org\/{rel}","templated":true}]}}